{"id":647,"date":"2018-10-19T11:43:23","date_gmt":"2018-10-19T09:43:23","guid":{"rendered":"http:\/\/etreshumainsprofessionnels.fr\/?page_id=647"},"modified":"2020-04-22T21:47:30","modified_gmt":"2020-04-22T19:47:30","slug":"un-projet-theatral-talma","status":"publish","type":"page","link":"https:\/\/etreshumainsprofessionnels.fr\/index.php\/un-projet-theatral-talma\/","title":{"rendered":"Un projet th\u00e9\u00e2tral TALMA"},"content":{"rendered":"\t\t<div data-elementor-type=\"wp-page\" data-elementor-id=\"647\" class=\"elementor elementor-647\">\n\t\t\t\t\t\t<section class=\"elementor-section elementor-top-section elementor-element elementor-element-20ca25f elementor-section-boxed elementor-section-height-default elementor-section-height-default\" data-id=\"20ca25f\" data-element_type=\"section\">\n\t\t\t\t\t\t<div class=\"elementor-container elementor-column-gap-default\">\n\t\t\t\t\t<div class=\"elementor-column elementor-col-100 elementor-top-column elementor-element elementor-element-160d4ab\" data-id=\"160d4ab\" data-element_type=\"column\">\n\t\t\t<div class=\"elementor-widget-wrap elementor-element-populated\">\n\t\t\t\t\t\t<div class=\"elementor-element elementor-element-0d95690 elementor-widget elementor-widget-heading\" data-id=\"0d95690\" data-element_type=\"widget\" data-widget_type=\"heading.default\">\n\t\t\t\t<div class=\"elementor-widget-container\">\n\t\t\t<h2 class=\"elementor-heading-title elementor-size-large\">TALMA<\/h2>\t\t<\/div>\n\t\t\t\t<\/div>\n\t\t\t\t\t<\/div>\n\t\t<\/div>\n\t\t\t\t\t<\/div>\n\t\t<\/section>\n\t\t\t\t<section class=\"elementor-section elementor-top-section elementor-element elementor-element-3d499f9 elementor-section-boxed elementor-section-height-default elementor-section-height-default\" data-id=\"3d499f9\" data-element_type=\"section\">\n\t\t\t\t\t\t<div class=\"elementor-container elementor-column-gap-default\">\n\t\t\t\t\t<div class=\"elementor-column elementor-col-100 elementor-top-column elementor-element elementor-element-fe4d5f2\" data-id=\"fe4d5f2\" data-element_type=\"column\">\n\t\t\t<div class=\"elementor-widget-wrap elementor-element-populated\">\n\t\t\t\t\t\t<div class=\"elementor-element elementor-element-953f000 elementor-widget elementor-widget-text-editor\" data-id=\"953f000\" data-element_type=\"widget\" data-widget_type=\"text-editor.default\">\n\t\t\t\t<div class=\"elementor-widget-container\">\n\t\t\t\t\t\t\t<p class=\"p2\"><i><img fetchpriority=\"high\" decoding=\"async\" class=\"size-medium wp-image-496 alignleft\" src=\"http:\/\/etreshumainsprofessionnels.fr\/wp-content\/uploads\/2018\/09\/talma_imageprovisoire-300x300.jpg\" alt=\"\" width=\"300\" height=\"300\" srcset=\"https:\/\/etreshumainsprofessionnels.fr\/wp-content\/uploads\/2018\/09\/talma_imageprovisoire-300x300.jpg 300w, https:\/\/etreshumainsprofessionnels.fr\/wp-content\/uploads\/2018\/09\/talma_imageprovisoire-150x150.jpg 150w, https:\/\/etreshumainsprofessionnels.fr\/wp-content\/uploads\/2018\/09\/talma_imageprovisoire-768x768.jpg 768w, https:\/\/etreshumainsprofessionnels.fr\/wp-content\/uploads\/2018\/09\/talma_imageprovisoire-1024x1024.jpg 1024w, https:\/\/etreshumainsprofessionnels.fr\/wp-content\/uploads\/2018\/09\/talma_imageprovisoire-1080x1080.jpg 1080w, https:\/\/etreshumainsprofessionnels.fr\/wp-content\/uploads\/2018\/09\/talma_imageprovisoire.jpg 1500w\" sizes=\"(max-width: 300px) 100vw, 300px\" \/>Librement inspir\u00e9 de la vie de Fran\u00e7ois Joseph Talma, acteur de la com\u00e9die fran\u00e7aise ayant travers\u00e9 la p\u00e9riode r\u00e9volutionnaire, puis napol\u00e9onnienne et enfin la restauration.<\/i><\/p><p class=\"p1\">Michel Aymard a imagin\u00e9 un solo th\u00e9\u00e2tral mettant en sc\u00e8ne Talma, trag\u00e9dien sous la r\u00e9volution fran\u00e7aise. L\u2019action d\u00e9buterait au moment de la Terreur o\u00f9 Talma voit devant ses yeux une horreur produite par la r\u00e9volution dont il est l\u2019un des plus fervent partisan.<\/p><p class=\"p1\">Ayant incarn\u00e9 sur sc\u00e8ne des h\u00e9ros qui ont enflamm\u00e9 l\u2019imagination du public en faveur de la libert\u00e9, il s\u2019estime en partie responsable de la situation et entend r\u00e9pondre par son art aux probl\u00e8mes engendr\u00e9s. Mais il n\u2019y parvient pas : les h\u00e9ros qu\u2019il incarne continuent de provoquer la destruction civile.<br \/>Pour se consoler de l\u2019impasse dans laquelle il se trouve lui et son art, Talma va tous les jours voir les animaux de l\u2019ancienne m\u00e9nagerie royale de Versailles nouvellement install\u00e9e au Jardin des Plantes \u00e0 Paris : enfin le peuple peut voir les animaux du monde !<br \/>La nuit, Talma les retrouve en r\u00eave : lui qui, le jour, observe les animaux, se voit, la nuit, observ\u00e9 par eux. Une nuit, l\u2019un d\u2019entre eux, l\u2019orang outang lui parle.<\/p><p>\u00a0<\/p><p class=\"p1\">Ce solo th\u00e9\u00e2tral aurait trois parties, \u00e9voquant chacune une p\u00e9riode pr\u00e9cise de l\u2019histoire de France :<br \/><b><i>Talma la r\u00e9volution<br \/><\/i><\/b><b><i>Talma l\u2019empire<br \/><\/i><\/b><b><i>Talma le retour des rois<\/i><\/b><\/p><p class=\"p1\">Ces trois parties constituent autant de spectacles, pouvant \u00eatre vu s\u00e9par\u00e9ment ou dans la continuit\u00e9.<br \/>Autant que faire se peut, j\u2019ai t\u00e2ch\u00e9 de gommer la dimension historique pour mieux concentrer l\u2019attention sur la situation colllective que Talma incarne : Que faire de l\u2019horreur que l\u2019on voit se produire sous nos yeux ?<br \/>Puis de l\u2019horreur qu\u2019un g\u00e9n\u00e9ral usurpateur exporte hors des fronti\u00e8res sous pr\u00e9texte de conqu\u00eates ? Enfin que faire de l\u2019horreur qui entre en nous quand nous renon\u00e7ons \u00e0 la libert\u00e9?<br \/>Face \u00e0 ces probl\u00e8mes, comment vivre notre part de responsabilit\u00e9, si nous estimons en avoir une?<\/p><p class=\"p1\">De courts extraits du r\u00e9pertoire classique seront jou\u00e9s au cours du spectacle, \u00e9vocations des r\u00f4les que le v\u00e9ritable acteur Talma a jou\u00e9 de son vivant, mais aussi \u00e9tapes et synth\u00e8ses des probl\u00e9matiques soulev\u00e9es par la pi\u00e8ce.<\/p><p><b>spectacle th\u00e9\u00e2tral,\u00a0<\/b><b>Cr\u00e9ation : saison 2019-2020<br \/>En cours\u00a0d\u2019\u00e9criture et de\u00a0production<\/b><\/p>\t\t\t\t\t\t<\/div>\n\t\t\t\t<\/div>\n\t\t\t\t\t<\/div>\n\t\t<\/div>\n\t\t\t\t\t<\/div>\n\t\t<\/section>\n\t\t\t\t<\/div>\n\t\t","protected":false},"excerpt":{"rendered":"<p>TALMA Librement inspir\u00e9 de la vie de Fran\u00e7ois Joseph Talma, acteur de la com\u00e9die fran\u00e7aise ayant travers\u00e9 la p\u00e9riode r\u00e9volutionnaire, puis napol\u00e9onnienne et enfin la restauration. Michel Aymard a imagin\u00e9 un solo th\u00e9\u00e2tral mettant en sc\u00e8ne Talma, trag\u00e9dien sous la r\u00e9volution fran\u00e7aise. L\u2019action d\u00e9buterait au moment de la Terreur o\u00f9 Talma voit devant ses yeux &hellip;<\/p>\n<p class=\"read-more\"> <a class=\"\" href=\"https:\/\/etreshumainsprofessionnels.fr\/index.php\/un-projet-theatral-talma\/\"> <span class=\"screen-reader-text\">Un projet th\u00e9\u00e2tral TALMA<\/span> Read More &raquo;<\/a><\/p>\n","protected":false},"author":1,"featured_media":496,"parent":0,"menu_order":0,"comment_status":"closed","ping_status":"closed","template":"elementor_header_footer","meta":{"site-sidebar-layout":"default","site-content-layout":"default","ast-global-header-display":"","ast-banner-title-visibility":"","ast-main-header-display":"","ast-hfb-above-header-display":"","ast-hfb-below-header-display":"","ast-hfb-mobile-header-display":"","site-post-title":"","ast-breadcrumbs-content":"","ast-featured-img":"","footer-sml-layout":"","theme-transparent-header-meta":"","adv-header-id-meta":"","stick-header-meta":"","header-above-stick-meta":"","header-main-stick-meta":"","header-below-stick-meta":""},"_links":{"self":[{"href":"https:\/\/etreshumainsprofessionnels.fr\/index.php\/wp-json\/wp\/v2\/pages\/647"}],"collection":[{"href":"https:\/\/etreshumainsprofessionnels.fr\/index.php\/wp-json\/wp\/v2\/pages"}],"about":[{"href":"https:\/\/etreshumainsprofessionnels.fr\/index.php\/wp-json\/wp\/v2\/types\/page"}],"author":[{"embeddable":true,"href":"https:\/\/etreshumainsprofessionnels.fr\/index.php\/wp-json\/wp\/v2\/users\/1"}],"replies":[{"embeddable":true,"href":"https:\/\/etreshumainsprofessionnels.fr\/index.php\/wp-json\/wp\/v2\/comments?post=647"}],"version-history":[{"count":6,"href":"https:\/\/etreshumainsprofessionnels.fr\/index.php\/wp-json\/wp\/v2\/pages\/647\/revisions"}],"predecessor-version":[{"id":1039,"href":"https:\/\/etreshumainsprofessionnels.fr\/index.php\/wp-json\/wp\/v2\/pages\/647\/revisions\/1039"}],"wp:featuredmedia":[{"embeddable":true,"href":"https:\/\/etreshumainsprofessionnels.fr\/index.php\/wp-json\/wp\/v2\/media\/496"}],"wp:attachment":[{"href":"https:\/\/etreshumainsprofessionnels.fr\/index.php\/wp-json\/wp\/v2\/media?parent=647"}],"curies":[{"name":"wp","href":"https:\/\/api.w.org\/{rel}","templated":true}]}}