{"id":277,"date":"2018-02-25T23:46:28","date_gmt":"2018-02-25T22:46:28","guid":{"rendered":"http:\/\/etreshumainsprofessionnels.fr\/?page_id=277"},"modified":"2021-04-22T19:26:19","modified_gmt":"2021-04-22T17:26:19","slug":"film","status":"publish","type":"page","link":"https:\/\/etreshumainsprofessionnels.fr\/index.php\/film\/","title":{"rendered":"Un film"},"content":{"rendered":"\t\t<div data-elementor-type=\"wp-page\" data-elementor-id=\"277\" class=\"elementor elementor-277\">\n\t\t\t\t\t\t<section class=\"elementor-section elementor-top-section elementor-element elementor-element-a6b3289 elementor-section-boxed elementor-section-height-default elementor-section-height-default\" data-id=\"a6b3289\" data-element_type=\"section\">\n\t\t\t\t\t\t<div class=\"elementor-container elementor-column-gap-default\">\n\t\t\t\t\t<div class=\"elementor-column elementor-col-100 elementor-top-column elementor-element elementor-element-e1d245f\" data-id=\"e1d245f\" data-element_type=\"column\">\n\t\t\t<div class=\"elementor-widget-wrap elementor-element-populated\">\n\t\t\t\t\t\t<div class=\"elementor-element elementor-element-217e8f2 elementor-widget elementor-widget-spacer\" data-id=\"217e8f2\" data-element_type=\"widget\" data-widget_type=\"spacer.default\">\n\t\t\t\t<div class=\"elementor-widget-container\">\n\t\t\t\t\t<div class=\"elementor-spacer\">\n\t\t\t<div class=\"elementor-spacer-inner\"><\/div>\n\t\t<\/div>\n\t\t\t\t<\/div>\n\t\t\t\t<\/div>\n\t\t\t\t\t<\/div>\n\t\t<\/div>\n\t\t\t\t\t<\/div>\n\t\t<\/section>\n\t\t\t\t<section class=\"elementor-section elementor-top-section elementor-element elementor-element-8db9b25 elementor-section-boxed elementor-section-height-default elementor-section-height-default\" data-id=\"8db9b25\" data-element_type=\"section\">\n\t\t\t\t\t\t<div class=\"elementor-container elementor-column-gap-default\">\n\t\t\t\t\t<div class=\"elementor-column elementor-col-100 elementor-top-column elementor-element elementor-element-4f0b4c2\" data-id=\"4f0b4c2\" data-element_type=\"column\">\n\t\t\t<div class=\"elementor-widget-wrap elementor-element-populated\">\n\t\t\t\t\t\t<div class=\"elementor-element elementor-element-38c85fc elementor-widget elementor-widget-heading\" data-id=\"38c85fc\" data-element_type=\"widget\" data-widget_type=\"heading.default\">\n\t\t\t\t<div class=\"elementor-widget-container\">\n\t\t\t<h2 class=\"elementor-heading-title elementor-size-default\">Que demande le peuple ?<\/h2>\t\t<\/div>\n\t\t\t\t<\/div>\n\t\t\t\t\t<\/div>\n\t\t<\/div>\n\t\t\t\t\t<\/div>\n\t\t<\/section>\n\t\t\t\t<section class=\"elementor-section elementor-top-section elementor-element elementor-element-0257c06 elementor-section-boxed elementor-section-height-default elementor-section-height-default\" data-id=\"0257c06\" data-element_type=\"section\">\n\t\t\t\t\t\t<div class=\"elementor-container elementor-column-gap-default\">\n\t\t\t\t\t<div class=\"elementor-column elementor-col-50 elementor-top-column elementor-element elementor-element-79e234d\" data-id=\"79e234d\" data-element_type=\"column\">\n\t\t\t<div class=\"elementor-widget-wrap elementor-element-populated\">\n\t\t\t\t\t\t<div class=\"elementor-element elementor-element-20629f7 eael-dual-header-content-align-left elementor-widget elementor-widget-eael-dual-color-header\" data-id=\"20629f7\" data-element_type=\"widget\" data-widget_type=\"eael-dual-color-header.default\">\n\t\t\t\t<div class=\"elementor-widget-container\">\n\t\t\t\t\t\t<div class=\"eael-dual-header\">\n\t\t\t\t<h2 class=\"title eael-dch-title\"><span class=\"eael-dch-title-text eael-dch-title-lead lead solid-color\">un film<\/span> <span class=\"eael-dch-title-text\">1 passage du g\u00e9nie<\/span><\/h2>\t\t\t<\/div>\n\n\t\t\t\t<\/div>\n\t\t\t\t<\/div>\n\t\t\t\t\t<\/div>\n\t\t<\/div>\n\t\t\t\t<div class=\"elementor-column elementor-col-50 elementor-top-column elementor-element elementor-element-8713bd8\" data-id=\"8713bd8\" data-element_type=\"column\">\n\t\t\t<div class=\"elementor-widget-wrap\">\n\t\t\t\t\t\t\t<\/div>\n\t\t<\/div>\n\t\t\t\t\t<\/div>\n\t\t<\/section>\n\t\t\t\t<section class=\"elementor-section elementor-top-section elementor-element elementor-element-3d7ebfd elementor-section-boxed elementor-section-height-default elementor-section-height-default\" data-id=\"3d7ebfd\" data-element_type=\"section\">\n\t\t\t\t\t\t<div class=\"elementor-container elementor-column-gap-default\">\n\t\t\t\t\t<div class=\"elementor-column elementor-col-66 elementor-top-column elementor-element elementor-element-c5d8a6b\" data-id=\"c5d8a6b\" data-element_type=\"column\">\n\t\t\t<div class=\"elementor-widget-wrap elementor-element-populated\">\n\t\t\t\t\t\t<div class=\"elementor-element elementor-element-164a034 elementor-widget elementor-widget-text-editor\" data-id=\"164a034\" data-element_type=\"widget\" data-widget_type=\"text-editor.default\">\n\t\t\t\t<div class=\"elementor-widget-container\">\n\t\t\t\t\t\t\t<p><strong>Ecriture, r\u00e9alisation : <\/strong>Michel Aymard<strong><br \/>Direction de la photographie : <\/strong>Michele Gurrieri<\/p><p><strong>\u00a0<\/strong><strong>En partenariat avec la maison du film<\/strong><\/p><p><strong>\u00a0<\/strong><strong>Synopsis<\/strong><\/p><p><strong>\u00a0<\/strong>Dans la capitale heureuse du pays de la libert\u00e9, le bonheur est si important qu\u2019on le surveille avec des cam\u00e9ras. Il fait froid dans ce pays, parfois des gens en meurent.<\/p><p>Lucky, artiste de rue dessine les gens parce qu\u2019il les trouve beaux. Stellan, un jeune \u00e9tranger arriv\u00e9 r\u00e9cemment lui apprend la nouvelle : une famille qui vivait dans la rue au 1 passage du G\u00e9nie est morte ce matin.<\/p><p>Ce n\u2019est pas de froid qu\u2019elle est morte.<\/p><p>\u00a0<\/p><p><em>\u00a0<\/em><\/p><p><em>\u00a0<\/em><\/p><p><em>\u201c1 passage du G\u00e9nie est mon premier film.<br \/><\/em><em>Mon go\u00fbt pour les films courts m\u2019est venu de ma participation comme acteur \u00e0 plusieurs d\u2019entre eux, notamment le beau film de David Alappont et Luis Briceno : Fard.<\/em><\/p><p><em>\u00a0<\/em><em>J\u2019y ai vu tout l\u2019int\u00e9r\u00eat d\u2019associer l\u2019image r\u00e9elle et le dessin. Je m\u2019en suis souvenu pour l\u2019\u00e9laboration de ce projet<\/em><em>.<\/em><\/p><p><em>\u00a0<\/em><em>Art visuel, le cin\u00e9ma m\u2019a paru tout indiqu\u00e9 pour parler de l\u2019ostination \u00e0 ne pas voir.<\/em><\/p><p><em>L\u2019horreur. L\u2019horreur de la mort et la cruaut\u00e9 de ceux qui la donnent.<\/em><\/p><p><em>\u00a0<\/em><em>Un film peut raconter notre aptitude curieuse \u00e0 croire les beaux mensonges.<\/em><\/p><p><em>Mais il peut aussi mettre en lumi\u00e8re notre capacit\u00e9 ;\u00e0 agir pour la vie.\u201d<\/em><em>\u00a0<\/em><\/p><p><em>\u00a0<\/em><em>\u00a0 \u00a0 \u00a0 \u00a0 \u00a0 \u00a0 \u00a0 \u00a0 \u00a0 \u00a0 \u00a0 \u00a0 \u00a0 \u00a0 \u00a0 \u00a0 \u00a0 \u00a0 \u00a0 \u00a0 \u00a0 \u00a0 \u00a0 \u00a0 \u00a0 \u00a0 \u00a0 \u00a0 \u00a0 \u00a0 \u00a0 \u00a0 \u00a0 \u00a0 \u00a0 \u00a0Michel Aymard<\/em><\/p>\t\t\t\t\t\t<\/div>\n\t\t\t\t<\/div>\n\t\t\t\t\t<\/div>\n\t\t<\/div>\n\t\t\t\t<div class=\"elementor-column elementor-col-33 elementor-top-column elementor-element elementor-element-057688a\" data-id=\"057688a\" data-element_type=\"column\">\n\t\t\t<div class=\"elementor-widget-wrap elementor-element-populated\">\n\t\t\t\t\t\t<div class=\"elementor-element elementor-element-aea5538 elementor-widget elementor-widget-image\" data-id=\"aea5538\" data-element_type=\"widget\" data-widget_type=\"image.default\">\n\t\t\t\t<div class=\"elementor-widget-container\">\n\t\t\t\t\t\t\t\t\t\t\t\t\t<img fetchpriority=\"high\" decoding=\"async\" width=\"1024\" height=\"705\" src=\"https:\/\/etreshumainsprofessionnels.fr\/wp-content\/uploads\/2021\/02\/photo-Michel0001-1024x705.jpg\" class=\"attachment-large size-large wp-image-1398\" alt=\"\" srcset=\"https:\/\/etreshumainsprofessionnels.fr\/wp-content\/uploads\/2021\/02\/photo-Michel0001-1024x705.jpg 1024w, https:\/\/etreshumainsprofessionnels.fr\/wp-content\/uploads\/2021\/02\/photo-Michel0001-300x207.jpg 300w, https:\/\/etreshumainsprofessionnels.fr\/wp-content\/uploads\/2021\/02\/photo-Michel0001-768x529.jpg 768w, https:\/\/etreshumainsprofessionnels.fr\/wp-content\/uploads\/2021\/02\/photo-Michel0001-1536x1058.jpg 1536w, https:\/\/etreshumainsprofessionnels.fr\/wp-content\/uploads\/2021\/02\/photo-Michel0001-450x310.jpg 450w, https:\/\/etreshumainsprofessionnels.fr\/wp-content\/uploads\/2021\/02\/photo-Michel0001-871x600.jpg 871w, https:\/\/etreshumainsprofessionnels.fr\/wp-content\/uploads\/2021\/02\/photo-Michel0001.jpg 1841w\" sizes=\"(max-width: 1024px) 100vw, 1024px\" \/>\t\t\t\t\t\t\t\t\t\t\t\t\t<\/div>\n\t\t\t\t<\/div>\n\t\t\t\t<div class=\"elementor-element elementor-element-9893c77 elementor-widget elementor-widget-text-editor\" data-id=\"9893c77\" data-element_type=\"widget\" data-widget_type=\"text-editor.default\">\n\t\t\t\t<div class=\"elementor-widget-container\">\n\t\t\t\t\t\t\t<p><em>Cr\u00e9dit photo : Michele Gurrieri<\/em><\/p>\t\t\t\t\t\t<\/div>\n\t\t\t\t<\/div>\n\t\t\t\t\t<\/div>\n\t\t<\/div>\n\t\t\t\t\t<\/div>\n\t\t<\/section>\n\t\t\t\t<\/div>\n\t\t","protected":false},"excerpt":{"rendered":"<p>Que demande le peuple ? un film 1 passage du g\u00e9nie Ecriture, r\u00e9alisation : Michel AymardDirection de la photographie : Michele Gurrieri \u00a0En partenariat avec la maison du film \u00a0Synopsis \u00a0Dans la capitale heureuse du pays de la libert\u00e9, le bonheur est si important qu\u2019on le surveille avec des cam\u00e9ras. Il fait froid dans ce &hellip;<\/p>\n<p class=\"read-more\"> <a class=\"\" href=\"https:\/\/etreshumainsprofessionnels.fr\/index.php\/film\/\"> <span class=\"screen-reader-text\">Un film<\/span> Read More &raquo;<\/a><\/p>\n","protected":false},"author":1,"featured_media":0,"parent":0,"menu_order":0,"comment_status":"closed","ping_status":"closed","template":"elementor_header_footer","meta":{"site-sidebar-layout":"default","site-content-layout":"default","ast-global-header-display":"","ast-banner-title-visibility":"","ast-main-header-display":"","ast-hfb-above-header-display":"","ast-hfb-below-header-display":"","ast-hfb-mobile-header-display":"","site-post-title":"","ast-breadcrumbs-content":"","ast-featured-img":"","footer-sml-layout":"","theme-transparent-header-meta":"","adv-header-id-meta":"","stick-header-meta":"","header-above-stick-meta":"","header-main-stick-meta":"","header-below-stick-meta":""},"_links":{"self":[{"href":"https:\/\/etreshumainsprofessionnels.fr\/index.php\/wp-json\/wp\/v2\/pages\/277"}],"collection":[{"href":"https:\/\/etreshumainsprofessionnels.fr\/index.php\/wp-json\/wp\/v2\/pages"}],"about":[{"href":"https:\/\/etreshumainsprofessionnels.fr\/index.php\/wp-json\/wp\/v2\/types\/page"}],"author":[{"embeddable":true,"href":"https:\/\/etreshumainsprofessionnels.fr\/index.php\/wp-json\/wp\/v2\/users\/1"}],"replies":[{"embeddable":true,"href":"https:\/\/etreshumainsprofessionnels.fr\/index.php\/wp-json\/wp\/v2\/comments?post=277"}],"version-history":[{"count":46,"href":"https:\/\/etreshumainsprofessionnels.fr\/index.php\/wp-json\/wp\/v2\/pages\/277\/revisions"}],"predecessor-version":[{"id":2160,"href":"https:\/\/etreshumainsprofessionnels.fr\/index.php\/wp-json\/wp\/v2\/pages\/277\/revisions\/2160"}],"wp:attachment":[{"href":"https:\/\/etreshumainsprofessionnels.fr\/index.php\/wp-json\/wp\/v2\/media?parent=277"}],"curies":[{"name":"wp","href":"https:\/\/api.w.org\/{rel}","templated":true}]}}