{"id":1310,"date":"2021-02-12T11:46:27","date_gmt":"2021-02-12T10:46:27","guid":{"rendered":"http:\/\/etreshumainsprofessionnels.fr\/?page_id=1310"},"modified":"2025-06-20T10:55:11","modified_gmt":"2025-06-20T08:55:11","slug":"le-projet-artistique","status":"publish","type":"page","link":"https:\/\/etreshumainsprofessionnels.fr\/index.php\/le-projet-artistique\/","title":{"rendered":"Le projet artistique"},"content":{"rendered":"\t\t<div data-elementor-type=\"wp-post\" data-elementor-id=\"1310\" class=\"elementor elementor-1310\">\n\t\t\t\t\t\t<section class=\"elementor-section elementor-top-section elementor-element elementor-element-0ec3e36 elementor-section-full_width elementor-section-height-default elementor-section-height-default\" data-id=\"0ec3e36\" data-element_type=\"section\">\n\t\t\t\t\t\t<div class=\"elementor-container elementor-column-gap-default\">\n\t\t\t\t\t<div class=\"elementor-column elementor-col-100 elementor-top-column elementor-element elementor-element-54874eb\" data-id=\"54874eb\" data-element_type=\"column\">\n\t\t\t<div class=\"elementor-widget-wrap elementor-element-populated\">\n\t\t\t\t\t\t<div class=\"elementor-element elementor-element-019099d eael-dual-header-content-align-left elementor-widget elementor-widget-eael-dual-color-header\" data-id=\"019099d\" data-element_type=\"widget\" data-widget_type=\"eael-dual-color-header.default\">\n\t\t\t\t<div class=\"elementor-widget-container\">\n\t\t\t\t\t\t<div class=\"eael-dual-header\">\n\t\t\t\t<h2 class=\"title eael-dch-title\"><span class=\"eael-dch-title-text eael-dch-title-lead lead solid-color\">Un projet artistique<\/span> <span class=\"eael-dch-title-text\">Que deviens-tu ?<\/span><\/h2>\t\t\t<\/div>\n\n\t\t\t\t<\/div>\n\t\t\t\t<\/div>\n\t\t\t\t\t<\/div>\n\t\t<\/div>\n\t\t\t\t\t<\/div>\n\t\t<\/section>\n\t\t\t\t<section class=\"elementor-section elementor-top-section elementor-element elementor-element-8b3a535 elementor-section-full_width elementor-section-height-default elementor-section-height-default\" data-id=\"8b3a535\" data-element_type=\"section\">\n\t\t\t\t\t\t<div class=\"elementor-container elementor-column-gap-default\">\n\t\t\t\t\t<div class=\"elementor-column elementor-col-100 elementor-top-column elementor-element elementor-element-c62d758\" data-id=\"c62d758\" data-element_type=\"column\">\n\t\t\t<div class=\"elementor-widget-wrap elementor-element-populated\">\n\t\t\t\t\t\t<div class=\"elementor-element elementor-element-63b0f12 eael-dual-header-content-align-left elementor-widget elementor-widget-eael-dual-color-header\" data-id=\"63b0f12\" data-element_type=\"widget\" data-widget_type=\"eael-dual-color-header.default\">\n\t\t\t\t<div class=\"elementor-widget-container\">\n\t\t\t\t\t\t<div class=\"eael-dual-header\">\n\t\t\t\t<h6 class=\"title eael-dch-title\"><span class=\"eael-dch-title-text eael-dch-title-lead lead solid-color\">5 spectacles chant\u00e9s,<\/span> <span class=\"eael-dch-title-text\">un livre<\/span><\/h6>\t\t\t<\/div>\n\n\t\t\t\t<\/div>\n\t\t\t\t<\/div>\n\t\t\t\t\t<\/div>\n\t\t<\/div>\n\t\t\t\t\t<\/div>\n\t\t<\/section>\n\t\t\t\t<section class=\"elementor-section elementor-top-section elementor-element elementor-element-cd65cbc elementor-section-full_width elementor-section-height-default elementor-section-height-default\" data-id=\"cd65cbc\" data-element_type=\"section\">\n\t\t\t\t\t\t<div class=\"elementor-container elementor-column-gap-default\">\n\t\t\t\t\t<div class=\"elementor-column elementor-col-100 elementor-top-column elementor-element elementor-element-141780d\" data-id=\"141780d\" data-element_type=\"column\">\n\t\t\t<div class=\"elementor-widget-wrap elementor-element-populated\">\n\t\t\t\t\t\t<div class=\"elementor-element elementor-element-43341da elementor-widget elementor-widget-text-editor\" data-id=\"43341da\" data-element_type=\"widget\" data-widget_type=\"text-editor.default\">\n\t\t\t\t<div class=\"elementor-widget-container\">\n\t\t\t\t\t\t\t<p>On dit \u00e7a parfois dans la vie courante : &#8220;Que deviens-tu ?&#8221;<\/p><p>Pour d\u00e9signer une chose simple, \u00e9l\u00e9mentaire, qu&#8217;on peut atteindre d&#8217;une mani\u00e8re \u00e9vidente, avec un peu de bonne volont\u00e9.<br \/>Qui est le peuple? Qui sommes-nous, si nous estimons en faire partie? Que demandons-nous?<br \/>J&#8217;ai eu envie d&#8217;aborder ces questions en utilisant les outils de mon m\u00e9tier : jouer, chanter, \u00e9crire, mettre en sc\u00e8ne.<br \/>J&#8217;utilise pour \u00e7a des vecteurs diff\u00e9rents : la sc\u00e8ne, le cin\u00e9ma, la litt\u00e9rature.<\/p><p>Alors, des spectacles sont n\u00e9s, cinq histoires musicales chant\u00e9es, revisitant les chansons populaires \u00a0et m\u00ealant textes, chansons, th\u00e9\u00e2tre, musiques du monde entier : Struggle, Utop Rock, Monde Libre, Je suis, Aimer.<br \/>Alors un livre est en\u00a0pr\u00e9paration : Espace Public.<\/p><p>Que demandons- nous? Nous le peuple. Et \u00e0 qui le demander? Peut-\u00eatre que nous ne le savons pas, ou plus. Peut-\u00eatre l&#8217;avons nous oubli\u00e9. Des chansons, des mots, des images nous le rappellent.<\/p><p>Michel Aymard<\/p>\t\t\t\t\t\t<\/div>\n\t\t\t\t<\/div>\n\t\t\t\t\t<\/div>\n\t\t<\/div>\n\t\t\t\t\t<\/div>\n\t\t<\/section>\n\t\t\t\t<section class=\"elementor-section elementor-top-section elementor-element elementor-element-94d8a48 elementor-section-boxed elementor-section-height-default elementor-section-height-default\" data-id=\"94d8a48\" data-element_type=\"section\">\n\t\t\t\t\t\t<div class=\"elementor-container elementor-column-gap-default\">\n\t\t\t\t\t<div class=\"elementor-column elementor-col-100 elementor-top-column elementor-element elementor-element-8f0e513\" data-id=\"8f0e513\" data-element_type=\"column\">\n\t\t\t<div class=\"elementor-widget-wrap elementor-element-populated\">\n\t\t\t\t\t\t<div class=\"elementor-element elementor-element-d3cb8e9 elementor-widget elementor-widget-spacer\" data-id=\"d3cb8e9\" data-element_type=\"widget\" data-widget_type=\"spacer.default\">\n\t\t\t\t<div class=\"elementor-widget-container\">\n\t\t\t\t\t<div class=\"elementor-spacer\">\n\t\t\t<div class=\"elementor-spacer-inner\"><\/div>\n\t\t<\/div>\n\t\t\t\t<\/div>\n\t\t\t\t<\/div>\n\t\t\t\t\t<\/div>\n\t\t<\/div>\n\t\t\t\t\t<\/div>\n\t\t<\/section>\n\t\t\t\t<section class=\"elementor-section elementor-top-section elementor-element elementor-element-6e6d132 elementor-section-full_width elementor-section-height-default elementor-section-height-default\" data-id=\"6e6d132\" data-element_type=\"section\">\n\t\t\t\t\t\t<div class=\"elementor-container elementor-column-gap-default\">\n\t\t\t\t\t<div class=\"elementor-column elementor-col-100 elementor-top-column elementor-element elementor-element-d9d83de\" data-id=\"d9d83de\" data-element_type=\"column\">\n\t\t\t<div class=\"elementor-widget-wrap elementor-element-populated\">\n\t\t\t\t<a class=\"eael-wrapper-link-3980709 --eael-wrapper-link-tag\" href=\"https:\/\/etreshumainsprofessionnels.fr\/index.php\/spectacles-en-diffusion\"><\/a>\t\t<div data-eael-wrapper-link=\"eael-wrapper-link-3980709\" class=\"elementor-element elementor-element-3980709 eael-dual-header-content-align-left elementor-widget elementor-widget-eael-dual-color-header\" data-id=\"3980709\" data-element_type=\"widget\" data-widget_type=\"eael-dual-color-header.default\">\n\t\t\t\t<div class=\"elementor-widget-container\">\n\t\t\t\t\t\t<div class=\"eael-dual-header\">\n\t\t\t\t<h6 class=\"title eael-dch-title\"><span class=\"eael-dch-title-text eael-dch-title-lead lead solid-color\">5 spectacles chant\u00e9s<\/span> <span class=\"eael-dch-title-text\">Cinq spectacles, cinq approches diff\u00e9rentes du chant et de la musique,\u00a0un projet, d\u00e9couvrir l\u2019unit\u00e9 de la condition humaine \u00e0 travers les musiques populaires. Chanter les autres, des spectacles m\u00ealant textes, chansons, th\u00e9\u00e2tre, musiques\u2026<\/span><\/h6>\t\t\t<\/div>\n\n\t\t\t\t<\/div>\n\t\t\t\t<\/div>\n\t\t\t\t\t<\/div>\n\t\t<\/div>\n\t\t\t\t\t<\/div>\n\t\t<\/section>\n\t\t\t\t<section class=\"elementor-section elementor-top-section elementor-element elementor-element-4bf7ac7 elementor-section-full_width elementor-section-height-default elementor-section-height-default\" data-id=\"4bf7ac7\" data-element_type=\"section\">\n\t\t\t\t\t\t<div class=\"elementor-container elementor-column-gap-default\">\n\t\t\t\t\t<div class=\"elementor-column elementor-col-100 elementor-top-column elementor-element elementor-element-39a26f6\" data-id=\"39a26f6\" data-element_type=\"column\">\n\t\t\t<div class=\"elementor-widget-wrap elementor-element-populated\">\n\t\t\t\t<a class=\"eael-wrapper-link-2133fc2 --eael-wrapper-link-tag\" href=\"https:\/\/etreshumainsprofessionnels.fr\/index.php\/espace-public\/\"><\/a>\t\t<div data-eael-wrapper-link=\"eael-wrapper-link-2133fc2\" class=\"elementor-element elementor-element-2133fc2 eael-dual-header-content-align-left elementor-widget elementor-widget-eael-dual-color-header\" data-id=\"2133fc2\" data-element_type=\"widget\" data-widget_type=\"eael-dual-color-header.default\">\n\t\t\t\t<div class=\"elementor-widget-container\">\n\t\t\t\t\t\t<div class=\"eael-dual-header\">\n\t\t\t\t<h6 class=\"title eael-dch-title\"><span class=\"eael-dch-title-text eael-dch-title-lead lead solid-color\">un livre<\/span> <span class=\"eael-dch-title-text\">espace public<\/span><\/h6>\t\t\t<\/div>\n\n\t\t\t\t<\/div>\n\t\t\t\t<\/div>\n\t\t\t\t\t<\/div>\n\t\t<\/div>\n\t\t\t\t\t<\/div>\n\t\t<\/section>\n\t\t\t\t<section class=\"elementor-section elementor-top-section elementor-element elementor-element-b0abf15 elementor-section-boxed elementor-section-height-default elementor-section-height-default\" data-id=\"b0abf15\" data-element_type=\"section\">\n\t\t\t\t\t\t<div class=\"elementor-container elementor-column-gap-default\">\n\t\t\t\t\t<div class=\"elementor-column elementor-col-100 elementor-top-column elementor-element elementor-element-a174b6a\" data-id=\"a174b6a\" data-element_type=\"column\">\n\t\t\t<div class=\"elementor-widget-wrap elementor-element-populated\">\n\t\t\t\t\t\t<div class=\"elementor-element elementor-element-6270663 elementor-widget elementor-widget-spacer\" data-id=\"6270663\" data-element_type=\"widget\" data-widget_type=\"spacer.default\">\n\t\t\t\t<div class=\"elementor-widget-container\">\n\t\t\t\t\t<div class=\"elementor-spacer\">\n\t\t\t<div class=\"elementor-spacer-inner\"><\/div>\n\t\t<\/div>\n\t\t\t\t<\/div>\n\t\t\t\t<\/div>\n\t\t\t\t\t<\/div>\n\t\t<\/div>\n\t\t\t\t\t<\/div>\n\t\t<\/section>\n\t\t\t\t<\/div>\n\t\t","protected":false},"excerpt":{"rendered":"<p>Un projet artistique Que deviens-tu ? 5 spectacles chant\u00e9s, un livre On dit \u00e7a parfois dans la vie courante : &#8220;Que deviens-tu ?&#8221; Pour d\u00e9signer une chose simple, \u00e9l\u00e9mentaire, qu&#8217;on peut atteindre d&#8217;une mani\u00e8re \u00e9vidente, avec un peu de bonne volont\u00e9.Qui est le peuple? Qui sommes-nous, si nous estimons en faire partie? Que demandons-nous?J&#8217;ai eu &hellip;<\/p>\n<p class=\"read-more\"> <a class=\"\" href=\"https:\/\/etreshumainsprofessionnels.fr\/index.php\/le-projet-artistique\/\"> <span class=\"screen-reader-text\">Le projet artistique<\/span> Read More &raquo;<\/a><\/p>\n","protected":false},"author":1,"featured_media":0,"parent":0,"menu_order":0,"comment_status":"closed","ping_status":"closed","template":"elementor_header_footer","meta":{"site-sidebar-layout":"default","site-content-layout":"default","ast-global-header-display":"","ast-banner-title-visibility":"","ast-main-header-display":"","ast-hfb-above-header-display":"","ast-hfb-below-header-display":"","ast-hfb-mobile-header-display":"","site-post-title":"","ast-breadcrumbs-content":"","ast-featured-img":"","footer-sml-layout":"","theme-transparent-header-meta":"","adv-header-id-meta":"","stick-header-meta":"","header-above-stick-meta":"","header-main-stick-meta":"","header-below-stick-meta":""},"_links":{"self":[{"href":"https:\/\/etreshumainsprofessionnels.fr\/index.php\/wp-json\/wp\/v2\/pages\/1310"}],"collection":[{"href":"https:\/\/etreshumainsprofessionnels.fr\/index.php\/wp-json\/wp\/v2\/pages"}],"about":[{"href":"https:\/\/etreshumainsprofessionnels.fr\/index.php\/wp-json\/wp\/v2\/types\/page"}],"author":[{"embeddable":true,"href":"https:\/\/etreshumainsprofessionnels.fr\/index.php\/wp-json\/wp\/v2\/users\/1"}],"replies":[{"embeddable":true,"href":"https:\/\/etreshumainsprofessionnels.fr\/index.php\/wp-json\/wp\/v2\/comments?post=1310"}],"version-history":[{"count":30,"href":"https:\/\/etreshumainsprofessionnels.fr\/index.php\/wp-json\/wp\/v2\/pages\/1310\/revisions"}],"predecessor-version":[{"id":3230,"href":"https:\/\/etreshumainsprofessionnels.fr\/index.php\/wp-json\/wp\/v2\/pages\/1310\/revisions\/3230"}],"wp:attachment":[{"href":"https:\/\/etreshumainsprofessionnels.fr\/index.php\/wp-json\/wp\/v2\/media?parent=1310"}],"curies":[{"name":"wp","href":"https:\/\/api.w.org\/{rel}","templated":true}]}}