{"id":126,"date":"2017-11-01T12:10:23","date_gmt":"2017-11-01T11:10:23","guid":{"rendered":"http:\/\/etreshumainsprofessionnels.fr\/?page_id=126"},"modified":"2023-11-19T10:31:21","modified_gmt":"2023-11-19T09:31:21","slug":"lequipe","status":"publish","type":"page","link":"https:\/\/etreshumainsprofessionnels.fr\/index.php\/lequipe\/","title":{"rendered":"Le collectif &#8211; Les soutiens"},"content":{"rendered":"\t\t<div data-elementor-type=\"wp-page\" data-elementor-id=\"126\" class=\"elementor elementor-126\">\n\t\t\t\t\t\t<section class=\"elementor-section elementor-top-section elementor-element elementor-element-0ae1fd8 elementor-section-boxed elementor-section-height-default elementor-section-height-default\" data-id=\"0ae1fd8\" data-element_type=\"section\">\n\t\t\t\t\t\t<div class=\"elementor-container elementor-column-gap-default\">\n\t\t\t\t\t<div class=\"elementor-column elementor-col-100 elementor-top-column elementor-element elementor-element-e16b4e1\" data-id=\"e16b4e1\" data-element_type=\"column\">\n\t\t\t<div class=\"elementor-widget-wrap elementor-element-populated\">\n\t\t\t\t\t\t<div class=\"elementor-element elementor-element-29a38f7 elementor-widget elementor-widget-spacer\" data-id=\"29a38f7\" data-element_type=\"widget\" data-widget_type=\"spacer.default\">\n\t\t\t\t<div class=\"elementor-widget-container\">\n\t\t\t\t\t<div class=\"elementor-spacer\">\n\t\t\t<div class=\"elementor-spacer-inner\"><\/div>\n\t\t<\/div>\n\t\t\t\t<\/div>\n\t\t\t\t<\/div>\n\t\t\t\t\t<\/div>\n\t\t<\/div>\n\t\t\t\t\t<\/div>\n\t\t<\/section>\n\t\t\t\t<section class=\"elementor-section elementor-top-section elementor-element elementor-element-54b50a1 elementor-section-boxed elementor-section-height-default elementor-section-height-default\" data-id=\"54b50a1\" data-element_type=\"section\">\n\t\t\t\t\t\t<div class=\"elementor-container elementor-column-gap-default\">\n\t\t\t\t\t<div class=\"elementor-column elementor-col-100 elementor-top-column elementor-element elementor-element-9d2fb17\" data-id=\"9d2fb17\" data-element_type=\"column\">\n\t\t\t<div class=\"elementor-widget-wrap elementor-element-populated\">\n\t\t\t\t\t\t<div class=\"elementor-element elementor-element-e55cbab elementor-widget elementor-widget-text-editor\" data-id=\"e55cbab\" data-element_type=\"widget\" data-widget_type=\"text-editor.default\">\n\t\t\t\t<div class=\"elementor-widget-container\">\n\t\t\t\t\t\t\t<p>Cr\u00e9\u00e9s en 2017 \u00e0 l&#8217;initiative de Michel Aymard, le collectif Les Etres Humains Professionnels regroupe des artistes et des personnes de tous \u00e2ges exer\u00e7ant d&#8217;autres m\u00e9tiers ou ayant des parcours diff\u00e9rents de ceux des artistes.<br \/>Certains d&#8217;entre nous sont b\u00e9n\u00e9voles, d&#8217;autres sont salari\u00e9-e-s intermittents de l&#8217;association.<\/p><p>Nous cr\u00e9ons des spectacles, des films, des expositions \/ installations, des livres, des projets d&#8217;action culturelle. Nous cr\u00e9ons aussi des liens entre les personnes.<br \/>Notre d\u00e9marche : proposer des relations entre les arts, les sciences, la philosophie, la soci\u00e9t\u00e9 civile, les m\u00e9tiers&#8230;<br \/>La porte est ouverte \u00e0 celles et ceux qui souhaitent nous rejoindre et contribuer \u00e0 la r\u00e9flexion. Quelle r\u00e9flexion ? Celle portant sur le projet associatif bien s\u00fbr, mais aussi\u00a0celle qui nous fait vivre et d\u00e9fendre la vie : une pens\u00e9e sur le monde engendr\u00e9e \u00e0 plusieurs.<\/p>\t\t\t\t\t\t<\/div>\n\t\t\t\t<\/div>\n\t\t\t\t\t<\/div>\n\t\t<\/div>\n\t\t\t\t\t<\/div>\n\t\t<\/section>\n\t\t\t\t<section class=\"elementor-section elementor-top-section elementor-element elementor-element-1f5e796 elementor-section-boxed elementor-section-height-default elementor-section-height-default\" data-id=\"1f5e796\" data-element_type=\"section\">\n\t\t\t\t\t\t<div class=\"elementor-container elementor-column-gap-default\">\n\t\t\t\t\t<div class=\"elementor-column elementor-col-100 elementor-top-column elementor-element elementor-element-3891b0e\" data-id=\"3891b0e\" data-element_type=\"column\">\n\t\t\t<div class=\"elementor-widget-wrap elementor-element-populated\">\n\t\t\t\t\t\t<div class=\"elementor-element elementor-element-49e920c elementor-widget elementor-widget-text-editor\" data-id=\"49e920c\" data-element_type=\"widget\" data-widget_type=\"text-editor.default\">\n\t\t\t\t<div class=\"elementor-widget-container\">\n\t\t\t\t\t\t\t<h4><strong style=\"font-size: 1em;\">Les membres actifs du collectif<br \/><\/strong><\/h4>\t\t\t\t\t\t<\/div>\n\t\t\t\t<\/div>\n\t\t\t\t\t<\/div>\n\t\t<\/div>\n\t\t\t\t\t<\/div>\n\t\t<\/section>\n\t\t\t\t<section class=\"elementor-section elementor-top-section elementor-element elementor-element-60cd50d elementor-section-boxed elementor-section-height-default elementor-section-height-default\" data-id=\"60cd50d\" data-element_type=\"section\">\n\t\t\t\t\t\t<div class=\"elementor-container elementor-column-gap-default\">\n\t\t\t\t\t<div class=\"elementor-column elementor-col-33 elementor-top-column elementor-element elementor-element-4581982\" data-id=\"4581982\" data-element_type=\"column\">\n\t\t\t<div class=\"elementor-widget-wrap elementor-element-populated\">\n\t\t\t\t\t\t<div class=\"elementor-element elementor-element-858f39e elementor-widget elementor-widget-text-editor\" data-id=\"858f39e\" data-element_type=\"widget\" data-widget_type=\"text-editor.default\">\n\t\t\t\t<div class=\"elementor-widget-container\">\n\t\t\t\t\t\t\t<p><strong>Michel Aymard, com\u00e9dien sensible\u00a0 \u00e0 tous les arts de la sc\u00e8ne,\u00a0<\/strong> joue\u00a0 de\u00a0 nombreuses\u00a0 cr\u00e9ations du\u00a0 th\u00e9\u00e2tre public, alternant\u00a0 les\u00a0 auteurs\u00a0 classiques, modernes et contemporains : Moli\u00e8re, Daniel Keene, Musset, Carole Fr\u00e9chette,\u00a0 Maeterlinck&#8230;<br \/>Au\u00a0 Conservatoire\u00a0 National\u00a0 Sup\u00e9rieur\u00a0 d&#8217;Art\u00a0 Dramatique\u00a0 de\u00a0 Paris, il prend le go\u00fbt des exp\u00e9riences diverses, gr\u00e2ce \u00e0 des artistes aux visions radicalement diff\u00e9rentes : Daniel Mesguich, Claude R\u00e9gy, Mario Gonzalez, G\u00e9rard Desarthe, Jean-Pierre Vincent,\u00a0 ont fa\u00e7onn\u00e9 son approche de la pratique th\u00e9\u00e2trale.<br \/>La marionnette et le masque, l&#8217;improvisation, le clown, le th\u00e9\u00e2tre de rue et le burlesque ont une place importante dans son parcours. Il \u00e9tudie le th\u00e9\u00e2tre No et Kyogen au Japon avec Mansai et Mansaku Nomura.<br \/>Form\u00e9 au chant\u00a0 lyrique, il s&#8217;oriente vers les musiques populaires du monde entier.<br \/>Au festival d&#8217;Avignon, il chante Alceste d&#8217;Euripide en grec ancien\u00a0 dans la mise en sc\u00e8ne de Jacques Nichet, puis imagine des spectacles m\u00ealant les formes litt\u00e9raires, picturales, th\u00e9\u00e2trales et musicales.<br \/>Blues et rock anglo saxon, chants d&#8217;Arm\u00e9nie, d&#8217;Islande ou d&#8217;Afrique de l&#8217;Ouest, po\u00e8tes fran\u00e7ais mis en musique, sa relation aux langues se diversifie au fil du temps.<br \/>Form\u00e9 \u00e0 la danse moderne, baroque et jazz, il int\u00e8gre de plus en plus des \u00e9l\u00e9ments chor\u00e9graphi\u00e9s dans ses cr\u00e9ations.<br \/>A l\u2019\u00e9cran, il est sur Arte le h\u00e9ros de\u00a0 Fard, film d\u2019animation de Luis Briceno\u00a0 et\u00a0 David\u00a0 Alapont,\u00a0 joue dans plusieurs films de Luc\u00a0 Besson, est\u00a0 le partenaire\u00a0 d&#8217;Emmanuelle Devos dans le t\u00e9l\u00e9film \u00ab La Loi\u00bb diffus\u00e9 sur France 2.<br \/>En 2017 il fonde &#8220;les Etres Humains Professionnels&#8221; afin de mener conjointement un travail de cr\u00e9ation et d&#8217;ouverture \u00e0 la soci\u00e9t\u00e9 civile par des projets d&#8217;\u00e9ducation populaire.<br \/>Il est l&#8217;auteur de po\u00e8mes et de r\u00e9cits rassembl\u00e9s dans le recueil Espace Public \u00e9crit en collaboration avec Roddy Laroche, photographe.<\/p>\t\t\t\t\t\t<\/div>\n\t\t\t\t<\/div>\n\t\t\t\t\t<\/div>\n\t\t<\/div>\n\t\t\t\t<div class=\"elementor-column elementor-col-33 elementor-top-column elementor-element elementor-element-db11164\" data-id=\"db11164\" data-element_type=\"column\">\n\t\t\t<div class=\"elementor-widget-wrap elementor-element-populated\">\n\t\t\t\t\t\t<div class=\"elementor-element elementor-element-98f0281 elementor-widget elementor-widget-text-editor\" data-id=\"98f0281\" data-element_type=\"widget\" data-widget_type=\"text-editor.default\">\n\t\t\t\t<div class=\"elementor-widget-container\">\n\t\t\t\t\t\t\t<p><strong>Francesca Coden <\/strong>a <span style=\"color: #333333;\">fond\u00e9 l\u2019atelier d\u2019architecture Oblo\u0300 en 2020 et elle s&#8217;engage dans plusieurs projets collectifs et associatifs visant la promotion de la culture de l\u2019habitat. Elle habite le petit village de Pruniers dans l\u2019Indre. Ce lieu lui a offert la possibilit\u00e9 de retrouver un contact avec l\u2019essentiel, et repr\u00e9sente pour elle l\u2019endroit id\u00e9al pour r\u00e9fl\u00e9chir \u00e0 une mani\u00e8re nouvelle de faire de l\u2019architecture. \u00catre architecte c\u2019est pour elle un engagement : rendre le monde plus beau, plus en \u00e9quilibre avec les \u00e9cosyst\u00e8mes, r\u00e9parer, redonner \u00e0 l\u2019environnement. Mais surtout cr\u00e9er ensemble une soci\u00e9t\u00e9 plus solidaire, conviviale et inclusive, accompagner une r\u00e9appropriation collective des espaces. Elle d\u00e9veloppe diverses comp\u00e9tences en techniques et mat\u00e9riaux biosourc\u00e9s, en conception bioclimatique et s\u2019implique dans les processus participatifs, afin d\u2019engager une transition \u00e9cologique r\u00e9ellement durable. Elle interpr\u00e8te le projet comme une forme de dialogue avec ce qui existe d\u00e9j\u00e0, une transformation d\u2019un contexte qui doit s\u2019inspirer des traditions et savoir-faire locaux, dans le respect du vivant.<br \/><a href=\"https:\/\/www.oblo.archi\/\">https:\/\/www.oblo.archi\/<\/a><br \/><\/span><a href=\"https:\/\/www.oblo.archi\/cabanes\/\" target=\"_blank\" rel=\"noopener\">https:\/\/www.oblo.archi\/cabanes\/<\/a><\/p>\t\t\t\t\t\t<\/div>\n\t\t\t\t<\/div>\n\t\t\t\t<div class=\"elementor-element elementor-element-cf04057 elementor-widget elementor-widget-text-editor\" data-id=\"cf04057\" data-element_type=\"widget\" data-widget_type=\"text-editor.default\">\n\t\t\t\t<div class=\"elementor-widget-container\">\n\t\t\t\t\t\t\t<p><strong>Roddy Laroche <\/strong>est photographe et praticien du mouvement dans\u00e9.<br \/>Il a pass\u00e9 sa petite enfance au Creusot et Montceau-les-Mines et son enfance et adolescence au sein d&#8217;une ZUP \u00e0 Chalon-sur-Sa\u00f4ne, deux territoires fa\u00e7onn\u00e9s par les politiques publiques et qui animent son imaginaire. Aujourd&#8217;hui, il vit et travaille \u00e0 Paris.<br \/>Il a suivi diverses formations : la g\u00e9ographie \u00e0 Lyon dans laquelle &#8220;le territoire&#8221; est une mati\u00e8re d\u2019\u00e9tudes privil\u00e9gi\u00e9e cherchant \u00e0 comprendre ses stigmates ; la documentation-archive ; l&#8217;art-th\u00e9rapie ; l&#8217;\u00e9conomie sociale.<br \/>Il est co-fondateur de la coop\u00e9rative d&#8217;habitants Utop \u00e0 Paris 20e.<br \/><a href=\"https:\/\/www.roddylarochesamsonoff.fr\/\">https:\/\/www.roddylarochesamsonoff.fr\/<\/a><\/p>\t\t\t\t\t\t<\/div>\n\t\t\t\t<\/div>\n\t\t\t\t<div class=\"elementor-element elementor-element-2ec4f87 elementor-widget elementor-widget-text-editor\" data-id=\"2ec4f87\" data-element_type=\"widget\" data-widget_type=\"text-editor.default\">\n\t\t\t\t<div class=\"elementor-widget-container\">\n\t\t\t\t\t\t\t<p><strong>Alex Zynkarski<\/strong>, musicien, bricoleur<\/p>\t\t\t\t\t\t<\/div>\n\t\t\t\t<\/div>\n\t\t\t\t<div class=\"elementor-element elementor-element-80063da elementor-widget elementor-widget-text-editor\" data-id=\"80063da\" data-element_type=\"widget\" data-widget_type=\"text-editor.default\">\n\t\t\t\t<div class=\"elementor-widget-container\">\n\t\t\t\t\t\t\t<p>Merci \u00e0 toutes celles et ceux qui sont pass\u00e9s par l\u00e0, pour nous donner un coup de main ou proposer une forme artistique ou autre. Votre pr\u00e9sence fut pr\u00e9cieuse.<\/p>\t\t\t\t\t\t<\/div>\n\t\t\t\t<\/div>\n\t\t\t\t\t<\/div>\n\t\t<\/div>\n\t\t\t\t<div class=\"elementor-column elementor-col-33 elementor-top-column elementor-element elementor-element-2dac00c\" data-id=\"2dac00c\" data-element_type=\"column\">\n\t\t\t<div class=\"elementor-widget-wrap elementor-element-populated\">\n\t\t\t\t\t\t<div class=\"elementor-element elementor-element-3170ecd elementor-widget elementor-widget-text-editor\" data-id=\"3170ecd\" data-element_type=\"widget\" data-widget_type=\"text-editor.default\">\n\t\t\t\t<div class=\"elementor-widget-container\">\n\t\t\t\t\t\t\t<p><strong>Chrystel Jubien. <\/strong>Apre\u0300s des e\u0301tudes litte\u0301raires, Chrystel Jubien a de\u0301veloppe\u0301 son travail photographique et vide\u0301o en partant de sa propre expe\u0301rience de la danse contemporaine. Elle travaille depuis plus de vingt ans au sein de compagnies de danse et de the\u0301a\u0302tre, re\u0301alise des images pour la sce\u0300ne, des portraits d&#8217;artistes et des films ethnographiques pour des expositions.<br \/>Elle a re\u0301alise\u0301 des films documentaires en France, au Bre\u0301sil et au Maroc sur les relations entre art et socie\u0301te\u0301, sur le corps en mouvement et les e\u0301lans collectifs, recherchant un cine\u0301ma documentaire empreint d\u2019une ethnographie du sensible.<\/p>\t\t\t\t\t\t<\/div>\n\t\t\t\t<\/div>\n\t\t\t\t<div class=\"elementor-element elementor-element-57376fc elementor-widget elementor-widget-text-editor\" data-id=\"57376fc\" data-element_type=\"widget\" data-widget_type=\"text-editor.default\">\n\t\t\t\t<div class=\"elementor-widget-container\">\n\t\t\t\t\t\t\t<p><span style=\"color: #444444;\"><strong>Simon Denise<\/strong> est un artiste et artisan m\u00e9tallier. Son approche int\u00e8gre le r\u00e9emploi comme une contrainte cr\u00e9ative dans son travail. \u00c0 travers son savoir-faire, il transforme des mat\u00e9riaux recycl\u00e9s en des cr\u00e9ations uniques et fonctionnelles. Ce sont des outils de partage, vecteurs de convivialit\u00e9, avec une attention particuli\u00e8re \u00e0 la sobri\u00e9t\u00e9 \u00e9nerg\u00e9tique et \u00e0 la mobilit\u00e9.<\/span><strong><br \/><\/strong><\/p>\t\t\t\t\t\t<\/div>\n\t\t\t\t<\/div>\n\t\t\t\t<div class=\"elementor-element elementor-element-d4985b5 elementor-widget elementor-widget-text-editor\" data-id=\"d4985b5\" data-element_type=\"widget\" data-widget_type=\"text-editor.default\">\n\t\t\t\t<div class=\"elementor-widget-container\">\n\t\t\t\t\t\t\t<p><strong>Marie Tcharcachian<\/strong>\u00a0est violoniste, accord\u00e9oniste et chanteuse.<br \/>Depuis 2022, elle est \u00e9galement diplom\u00e9e en tant que praticienne du Shitsu, une m\u00e9decine d&#8217;origine japonaise.<br \/><a href=\"http:\/\/etreshumainsprofessionnels.fr\/wp-content\/uploads\/2023\/11\/SHIATSU-Depliant-A4.pdf\">Pour en savoir plus sur le shiatsu.<\/a><\/p>\t\t\t\t\t\t<\/div>\n\t\t\t\t<\/div>\n\t\t\t\t<div class=\"elementor-element elementor-element-d1e48d9 elementor-widget elementor-widget-text-editor\" data-id=\"d1e48d9\" data-element_type=\"widget\" data-widget_type=\"text-editor.default\">\n\t\t\t\t<div class=\"elementor-widget-container\">\n\t\t\t\t\t\t\t<p><strong>Mara Widcoq<\/strong> est n\u00e9e \u00e0 Paris.<br \/>Apr\u00e8s 20 ans de soins en tant qu&#8217;infirmi\u00e8re hospitali\u00e8re dans un syst\u00e8me de sant\u00e9 o\u00f9 l\u2019humanit\u00e9 est de plus en plus mis \u00e0 mal, elle s\u2019est engag\u00e9e r\u00e9cemment dans un processus de reconversion vers le Spectacle Vivant.<br \/>Il ne lui reste pas moins l\u2019envie de continuer \u00e0 prendre soins des autres, \u00e0 mettre sa sensibilit\u00e9 et sa g\u00e9n\u00e9rosit\u00e9 au service des autres.<br \/>Un bac Litt\u00e9raire et des \u00e9tudes d\u2019ethnologie ont d\u00e9velopp\u00e9 chez elle l&#8217;envie de la rencontre, de la connaissance du monde et sa diversit\u00e9 culturelle.<br \/>Depuis des ann\u00e9es, elle s&#8217;implique dans diff\u00e9rentes pratiques amateur : le th\u00e9\u00e2tre, le saxophone dans une fanfare militante, la com\u00e9die musicale (th\u00e9\u00e2tre, chant, danse, claquettes) des ateliers couture, un atelier d\u2019\u00e9criture \u00e0 Calcutta en Inde, la photographie pendant 2 ans \u00e0 Quito en \u00c9quateur.<br \/>Elle y a d\u00e9velopp\u00e9 son plaisir dans la cr\u00e9ation et les Arts de la sc\u00e8ne.<br \/>Aupr\u00e8s d\u2019une cuisine associative et culturelle, elle a, en collaboration \u00e9troite avec la salari\u00e9e de l\u2019association, men\u00e9 \u00e0 bien des projets culturels offrant \u00e0 un public vari\u00e9 des ateliers de lecture, d\u2019arts plastiques, des projections de films documentaires, des conf\u00e9rences, des spectacles. Ce projet s\u2019inscrivait dans une d\u00e9marche sociale et solidaire, visant \u00e0 se nourrir les un.e.s des autres en partageant nos comp\u00e9tences, nos cultures.<br \/>Depuis 2018, elle a rejoint le collectif\u00a0 \u00abLes \u00catres Humains Professionnels.<br \/>Elle y co-anime, avec le com\u00e9dien Michel Aymard, des ateliers de th\u00e9\u00e2tre et de lecture aupr\u00e8s de jeunes de 6 \u00e0 14 ans au quartier\u00a0 de la Redoute, dans sa ville, Fontenay Sous Bois.<br \/>Elle y m\u00e8ne aussi des ateliers d\u2019arts graphiques.<br \/>Depuis 2022, elle est pr\u00e9sidente des Etres Humains Professionnels et donne de son temps libre pour aider au d\u00e9veloppement de l\u2019association.<br \/>Ces exp\u00e9riences l\u2019ont amen\u00e9e \u00e0 co-fonder la Compagnie Cada Dia, principalement tourn\u00e9e vers le spectacle de marionnettes et le th\u00e9\u00e2tre d\u2019objets.<br \/>Actuellement elle travaille \u00e0 la cr\u00e9ation d\u2019un premier spectacle.<\/p>\t\t\t\t\t\t<\/div>\n\t\t\t\t<\/div>\n\t\t\t\t\t<\/div>\n\t\t<\/div>\n\t\t\t\t\t<\/div>\n\t\t<\/section>\n\t\t\t\t<section class=\"elementor-section elementor-top-section elementor-element elementor-element-835cf16 elementor-section-boxed elementor-section-height-default elementor-section-height-default\" data-id=\"835cf16\" data-element_type=\"section\">\n\t\t\t\t\t\t<div class=\"elementor-container elementor-column-gap-default\">\n\t\t\t\t\t<div class=\"elementor-column elementor-col-100 elementor-top-column elementor-element elementor-element-51e0ee4\" data-id=\"51e0ee4\" data-element_type=\"column\">\n\t\t\t<div class=\"elementor-widget-wrap elementor-element-populated\">\n\t\t\t\t\t\t<div class=\"elementor-element elementor-element-00a4590 elementor-widget-divider--view-line elementor-widget elementor-widget-divider\" data-id=\"00a4590\" data-element_type=\"widget\" data-widget_type=\"divider.default\">\n\t\t\t\t<div class=\"elementor-widget-container\">\n\t\t\t\t\t<div class=\"elementor-divider\">\n\t\t\t<span class=\"elementor-divider-separator\">\n\t\t\t\t\t\t<\/span>\n\t\t<\/div>\n\t\t\t\t<\/div>\n\t\t\t\t<\/div>\n\t\t\t\t\t<\/div>\n\t\t<\/div>\n\t\t\t\t\t<\/div>\n\t\t<\/section>\n\t\t\t\t<section class=\"elementor-section elementor-top-section elementor-element elementor-element-b4aa468 elementor-section-boxed elementor-section-height-default elementor-section-height-default\" data-id=\"b4aa468\" data-element_type=\"section\">\n\t\t\t\t\t\t<div class=\"elementor-container elementor-column-gap-default\">\n\t\t\t\t\t<div class=\"elementor-column elementor-col-50 elementor-top-column elementor-element elementor-element-df00bef\" data-id=\"df00bef\" data-element_type=\"column\">\n\t\t\t<div class=\"elementor-widget-wrap elementor-element-populated\">\n\t\t\t\t\t\t<div class=\"elementor-element elementor-element-58cf5c0 elementor-widget elementor-widget-text-editor\" data-id=\"58cf5c0\" data-element_type=\"widget\" data-widget_type=\"text-editor.default\">\n\t\t\t\t<div class=\"elementor-widget-container\">\n\t\t\t\t\t\t\t<h4><strong>Les soutiens<\/strong><\/h4><p>Caisse d&#8217;allocation familiale du Val De Marne<br \/>Conseil d\u00e9partemental du Val de Marne<br \/>Pr\u00e9fecture du Val de Marne, direction d\u00e9partementale de la coh\u00e9sion sociale<br \/>Ville de Fontenay-sous-bois<\/p>\t\t\t\t\t\t<\/div>\n\t\t\t\t<\/div>\n\t\t\t\t\t<\/div>\n\t\t<\/div>\n\t\t\t\t<div class=\"elementor-column elementor-col-50 elementor-top-column elementor-element elementor-element-1201aa0\" data-id=\"1201aa0\" data-element_type=\"column\">\n\t\t\t<div class=\"elementor-widget-wrap elementor-element-populated\">\n\t\t\t\t\t\t<div class=\"elementor-element elementor-element-e22ad40 elementor-widget elementor-widget-text-editor\" data-id=\"e22ad40\" data-element_type=\"widget\" data-widget_type=\"text-editor.default\">\n\t\t\t\t<div class=\"elementor-widget-container\">\n\t\t\t\t\t\t\t<h4><strong>On travaille r\u00e9guli\u00e8rement avec <\/strong><\/h4><p>La Ville de Fontenay-sous-Bois<br \/>Les Compagnons B\u00e2tisseurs, Fontenay Sous Bois<br \/>L&#8217;EVS de La Redoute<br \/>Le Transat<br \/>M\u00e9diath\u00e8que de Fontenay Sous Bois<br \/>L&#8217;espace interg\u00e9n\u00e9rationnel<br \/>La maison de la pr\u00e9vention, Fontenay-sous-Bois<\/p>\t\t\t\t\t\t<\/div>\n\t\t\t\t<\/div>\n\t\t\t\t\t<\/div>\n\t\t<\/div>\n\t\t\t\t\t<\/div>\n\t\t<\/section>\n\t\t\t\t<section class=\"elementor-section elementor-top-section elementor-element elementor-element-349ac13 elementor-section-boxed elementor-section-height-default elementor-section-height-default\" data-id=\"349ac13\" data-element_type=\"section\">\n\t\t\t\t\t\t<div class=\"elementor-container elementor-column-gap-default\">\n\t\t\t\t\t<div class=\"elementor-column elementor-col-100 elementor-top-column elementor-element elementor-element-38f93c4\" data-id=\"38f93c4\" data-element_type=\"column\">\n\t\t\t<div class=\"elementor-widget-wrap elementor-element-populated\">\n\t\t\t\t\t\t<div class=\"elementor-element elementor-element-c362353 elementor-widget elementor-widget-spacer\" data-id=\"c362353\" data-element_type=\"widget\" data-widget_type=\"spacer.default\">\n\t\t\t\t<div class=\"elementor-widget-container\">\n\t\t\t\t\t<div class=\"elementor-spacer\">\n\t\t\t<div class=\"elementor-spacer-inner\"><\/div>\n\t\t<\/div>\n\t\t\t\t<\/div>\n\t\t\t\t<\/div>\n\t\t\t\t\t<\/div>\n\t\t<\/div>\n\t\t\t\t\t<\/div>\n\t\t<\/section>\n\t\t\t\t<\/div>\n\t\t","protected":false},"excerpt":{"rendered":"<p>Cr\u00e9\u00e9s en 2017 \u00e0 l&#8217;initiative de Michel Aymard, le collectif Les Etres Humains Professionnels regroupe des artistes et des personnes de tous \u00e2ges exer\u00e7ant d&#8217;autres m\u00e9tiers ou ayant des parcours diff\u00e9rents de ceux des artistes.Certains d&#8217;entre nous sont b\u00e9n\u00e9voles, d&#8217;autres sont salari\u00e9-e-s intermittents de l&#8217;association. Nous cr\u00e9ons des spectacles, des films, des expositions \/ installations, &hellip;<\/p>\n<p class=\"read-more\"> <a class=\"\" href=\"https:\/\/etreshumainsprofessionnels.fr\/index.php\/lequipe\/\"> <span class=\"screen-reader-text\">Le collectif &#8211; Les soutiens<\/span> Read More &raquo;<\/a><\/p>\n","protected":false},"author":1,"featured_media":0,"parent":0,"menu_order":0,"comment_status":"closed","ping_status":"closed","template":"elementor_header_footer","meta":{"site-sidebar-layout":"default","site-content-layout":"default","ast-global-header-display":"","ast-banner-title-visibility":"","ast-main-header-display":"","ast-hfb-above-header-display":"","ast-hfb-below-header-display":"","ast-hfb-mobile-header-display":"","site-post-title":"","ast-breadcrumbs-content":"","ast-featured-img":"","footer-sml-layout":"","theme-transparent-header-meta":"","adv-header-id-meta":"","stick-header-meta":"","header-above-stick-meta":"","header-main-stick-meta":"","header-below-stick-meta":""},"_links":{"self":[{"href":"https:\/\/etreshumainsprofessionnels.fr\/index.php\/wp-json\/wp\/v2\/pages\/126"}],"collection":[{"href":"https:\/\/etreshumainsprofessionnels.fr\/index.php\/wp-json\/wp\/v2\/pages"}],"about":[{"href":"https:\/\/etreshumainsprofessionnels.fr\/index.php\/wp-json\/wp\/v2\/types\/page"}],"author":[{"embeddable":true,"href":"https:\/\/etreshumainsprofessionnels.fr\/index.php\/wp-json\/wp\/v2\/users\/1"}],"replies":[{"embeddable":true,"href":"https:\/\/etreshumainsprofessionnels.fr\/index.php\/wp-json\/wp\/v2\/comments?post=126"}],"version-history":[{"count":123,"href":"https:\/\/etreshumainsprofessionnels.fr\/index.php\/wp-json\/wp\/v2\/pages\/126\/revisions"}],"predecessor-version":[{"id":2899,"href":"https:\/\/etreshumainsprofessionnels.fr\/index.php\/wp-json\/wp\/v2\/pages\/126\/revisions\/2899"}],"wp:attachment":[{"href":"https:\/\/etreshumainsprofessionnels.fr\/index.php\/wp-json\/wp\/v2\/media?parent=126"}],"curies":[{"name":"wp","href":"https:\/\/api.w.org\/{rel}","templated":true}]}}